{"id":1408,"date":"2023-09-28T12:56:15","date_gmt":"2023-09-28T10:56:15","guid":{"rendered":"https:\/\/opm.lorenzundfuchs.de\/emilio-galli-zugaro-is-president-of-methodos-s-p-a-milan-author-and-researcher-at-ludwig-maximilians-university-munich-where-he-teaches-communicative-leadership-at-the-faculty-of-business-administr\/"},"modified":"2023-11-07T11:08:50","modified_gmt":"2023-11-07T10:08:50","slug":"emilio-galli-zugaro-is-president-of-methodos-s-p-a-milan-author-and-researcher-at-ludwig-maximilians-university-munich-where-he-teaches-communicative-leadership-at-the-faculty-of-business-administr","status":"publish","type":"page","link":"https:\/\/www.otte-pm.net\/en\/network\/emilio-galli-zugaro-is-president-of-methodos-s-p-a-milan-author-and-researcher-at-ludwig-maximilians-university-munich-where-he-teaches-communicative-leadership-at-the-faculty-of-business-administr\/","title":{"rendered":"Personal Development"},"content":{"rendered":"<div class=\"gb-container gb-container-1bcb8ccc\">\n<div class=\"gb-grid-wrapper gb-grid-wrapper-1d51256b\">\n<div class=\"gb-grid-column gb-grid-column-5c767008\"><div class=\"gb-container gb-container-5c767008\">\n\n<figure class=\"gb-block-image gb-block-image-b7baf65d\"><img loading=\"lazy\" decoding=\"async\" width=\"500\" height=\"500\" class=\"gb-image gb-image-b7baf65d\" src=\"https:\/\/www.otte-pm.net\/wp-content\/uploads\/2023\/09\/Caochingcenter_Berlin.jpg\" alt=\"\" title=\"Caochingcenter_Berlin\" srcset=\"https:\/\/www.otte-pm.net\/wp-content\/uploads\/2023\/09\/Caochingcenter_Berlin.jpg 500w, https:\/\/www.otte-pm.net\/wp-content\/uploads\/2023\/09\/Caochingcenter_Berlin-300x300.jpg 300w, https:\/\/www.otte-pm.net\/wp-content\/uploads\/2023\/09\/Caochingcenter_Berlin-150x150.jpg 150w\" sizes=\"auto, (max-width: 500px) 100vw, 500px\" \/><\/figure>\n\n<\/div><\/div>\n\n<div class=\"gb-grid-column gb-grid-column-d4f48ad0\"><div class=\"gb-container gb-container-d4f48ad0\">\n\n<h2 class=\"gb-headline gb-headline-3495f490 gb-headline-text\">COAchingcenter Berlin<\/h2>\n\n\n\n<p>Since the early 2000s, the CCB has been working as an impulse generator, coach and sparring partner for decision-makers, entrepreneurs and start-ups after the initial growth phase. In addition, the CCB passes on its knowledge as a lecturer and mentor to HR professionals and consultants as well as to aspiring coaches in our premium trainings. OPM works closely with Coaching Center Berlin in various areas.  <\/p>\n\n<\/div><\/div>\n\n<div class=\"gb-grid-column gb-grid-column-efb08cb9\"><div class=\"gb-container gb-container-efb08cb9\">\n\n<figure class=\"gb-block-image gb-block-image-73f6ec31\"><img loading=\"lazy\" decoding=\"async\" width=\"500\" height=\"500\" class=\"gb-image gb-image-73f6ec31\" src=\"https:\/\/www.otte-pm.net\/wp-content\/uploads\/2023\/09\/egz.jpg\" alt=\"\" title=\"egz\" srcset=\"https:\/\/www.otte-pm.net\/wp-content\/uploads\/2023\/09\/egz.jpg 500w, https:\/\/www.otte-pm.net\/wp-content\/uploads\/2023\/09\/egz-300x300.jpg 300w, https:\/\/www.otte-pm.net\/wp-content\/uploads\/2023\/09\/egz-150x150.jpg 150w\" sizes=\"auto, (max-width: 500px) 100vw, 500px\" \/><\/figure>\n\n<\/div><\/div>\n\n<div class=\"gb-grid-column gb-grid-column-d680f031\"><div class=\"gb-container gb-container-d680f031\">\n\n<h2 class=\"gb-headline gb-headline-daa20b7b gb-headline-text\">Emilio Galli Zugaro<\/h2>\n\n\n\n<p>Emilio Galli Zugaro ist Pr\u00e4sident von Methodos S.p.A. Mailand, Autor und Wissenschaftler an der Ludwig-Maximilians-Universit\u00e4t M\u00fcnchen, wo er an der Fakult\u00e4t f\u00fcr Betriebswirtschaft Kommunikative F\u00fchrung lehrt, sowie Dozent an der European School of Management and Technology in Berlin. Er arbeitet als Executive Coach f\u00fcr Top-Manager und Unternehmer sowie als Mentor f\u00fcr Start-ups. Er ist Seniorberater bei FTI Consulting, Frankfurt. W\u00e4hrend seines Studiums der Politikwissenschaft in W\u00fcrzburg und Rom von 1980 bis 1985 arbeitete er in Kommunikationsfunktionen im \u00f6ffentlichen Dienst in Rom. Von 1985 bis 1992 arbeitete er als Journalist f\u00fcr verschiedene Medien wie die italienische Ausgabe von FORTUNE, Wirtschaftswoche, L\u2019Indipendente, Italia Oggi, Il Giornale, Finanz und Wirtschaft, The European. F\u00fcr diese Medien unterhielt er Korrespondentenb\u00fcros in Italien, Deutschland und den USA und war auch als diplomatischer Korrespondent t\u00e4tig. Von 1992 bis 2015 leitete er die Konzernkommunikation der Allianz SE. Er ist Mitglied der Arthur Page Society. Auch OPM konnte bereits im Rahmen verschiedener Coachings von der Expertise von Emilio Gali Zugaro profitieren.        <\/p>\n\n<\/div><\/div>\n\n<div class=\"gb-grid-column gb-grid-column-0ad9a24e\"><div class=\"gb-container gb-container-0ad9a24e\">\n\n<figure class=\"gb-block-image gb-block-image-b7f8f28a\"><img loading=\"lazy\" decoding=\"async\" width=\"500\" height=\"500\" class=\"gb-image gb-image-b7f8f28a\" src=\"https:\/\/www.otte-pm.net\/wp-content\/uploads\/2023\/09\/brandeins.jpg\" alt=\"\" title=\"brandeins\" srcset=\"https:\/\/www.otte-pm.net\/wp-content\/uploads\/2023\/09\/brandeins.jpg 500w, https:\/\/www.otte-pm.net\/wp-content\/uploads\/2023\/09\/brandeins-300x300.jpg 300w, https:\/\/www.otte-pm.net\/wp-content\/uploads\/2023\/09\/brandeins-150x150.jpg 150w\" sizes=\"auto, (max-width: 500px) 100vw, 500px\" \/><\/figure>\n\n<\/div><\/div>\n\n<div class=\"gb-grid-column gb-grid-column-01ff4d00\"><div class=\"gb-container gb-container-01ff4d00\">\n\n<h2 class=\"gb-headline gb-headline-0b195ef3 gb-headline-text\">Brand Eins<\/h2>\n\n\n\n<p>brand eins is an idea &#8211; the idea that business can be better, that it can conserve resources and give people meaningful work, and that is precisely why it is successful. We have been working on this idea for 25 years. We now present it in magazines and podcasts, at events and in corporate publishing media, and it is finding more and more friends and allies. Our goal is to inspire, to network, to impart knowledge in new ways, and to develop products for this purpose that encourage and move people. Some OPM employees (especially executives) have already taken part in various brand 1 coaching sessions for personal and professional development.    <\/p>\n\n\n\n<p><\/p>\n\n<\/div><\/div>\n\n<div class=\"gb-grid-column gb-grid-column-a78f90af\"><div class=\"gb-container gb-container-a78f90af\">\n\n<figure class=\"gb-block-image gb-block-image-3f3891ee\"><img loading=\"lazy\" decoding=\"async\" width=\"500\" height=\"500\" class=\"gb-image gb-image-3f3891ee\" src=\"https:\/\/www.otte-pm.net\/wp-content\/uploads\/2023\/09\/StefanWachtel.jpg\" alt=\"\" title=\"StefanWachtel\" srcset=\"https:\/\/www.otte-pm.net\/wp-content\/uploads\/2023\/09\/StefanWachtel.jpg 500w, https:\/\/www.otte-pm.net\/wp-content\/uploads\/2023\/09\/StefanWachtel-300x300.jpg 300w, https:\/\/www.otte-pm.net\/wp-content\/uploads\/2023\/09\/StefanWachtel-150x150.jpg 150w\" sizes=\"auto, (max-width: 500px) 100vw, 500px\" \/><\/figure>\n\n<\/div><\/div>\n\n<div class=\"gb-grid-column gb-grid-column-6561bd46\"><div class=\"gb-container gb-container-6561bd46\">\n\n<h2 class=\"gb-headline gb-headline-9e492aa3 gb-headline-text\">Stefan Wachtel<\/h2>\n\n\n\n<p>Stefan Wachtel holds a doctorate in speech science. He is one of the leading trainers for executive rhetoric in the German-speaking world. He has already coached executive boards of 15 of the DAX 30 companies. Previously, he conducted moderator training and coaching for ARD\/ZDF pilot announcements as well as partner coaching for strategy consultancies. In the past, OPM was also able to expand its know-how in various areas through coaching by Stefan Wachtel.    <\/p>\n\n<\/div><\/div>\n<\/div>\n<\/div><div class=\"gb-container gb-container-c1d283c6\">\n<div class=\"gb-grid-wrapper gb-grid-wrapper-a8a23c3e\">\n<div class=\"gb-grid-column gb-grid-column-eeab56ab\"><div class=\"gb-container gb-container-eeab56ab\">\n\n<figure class=\"gb-block-image gb-block-image-69561139\"><img loading=\"lazy\" decoding=\"async\" width=\"500\" height=\"500\" class=\"gb-image gb-image-69561139\" src=\"https:\/\/www.otte-pm.net\/wp-content\/uploads\/2023\/09\/rb.jpg\" alt=\"\" title=\"rb\" srcset=\"https:\/\/www.otte-pm.net\/wp-content\/uploads\/2023\/09\/rb.jpg 500w, https:\/\/www.otte-pm.net\/wp-content\/uploads\/2023\/09\/rb-300x300.jpg 300w, https:\/\/www.otte-pm.net\/wp-content\/uploads\/2023\/09\/rb-150x150.jpg 150w\" sizes=\"auto, (max-width: 500px) 100vw, 500px\" \/><\/figure>\n\n<\/div><\/div>\n\n<div class=\"gb-grid-column gb-grid-column-9a18447c\"><div class=\"gb-container gb-container-9a18447c\">\n\n<h2 class=\"gb-headline gb-headline-938c97c1 gb-headline-text\">Rene Borbonus<\/h2>\n\n\n\n<p>Some things are born in the cradle &#8211; in Ren\u00e9 Borbonus&#8217; case, it was a flair for words and an enthusiasm for communication. Undeterred, he has linked his professional and personal development to the question of what constitutes good rhetoric. In over 20 years, he has developed into a master of his craft and today, as one of the best rhetoricians in the German-speaking world, sets standards in communication and presentation. OPM regularly trains its employees through various coaching and training programs in cooperation with Ren\u00e9 Borbonus.   <\/p>\n\n<\/div><\/div>\n\n<div class=\"gb-grid-column gb-grid-column-d8bd0676\"><div class=\"gb-container gb-container-d8bd0676\">\n\n<figure class=\"gb-block-image gb-block-image-70b80cfe\"><img loading=\"lazy\" decoding=\"async\" width=\"500\" height=\"500\" class=\"gb-image gb-image-70b80cfe\" src=\"https:\/\/www.otte-pm.net\/wp-content\/uploads\/2023\/09\/communico.jpg\" alt=\"\" title=\"communico\" srcset=\"https:\/\/www.otte-pm.net\/wp-content\/uploads\/2023\/09\/communico.jpg 500w, https:\/\/www.otte-pm.net\/wp-content\/uploads\/2023\/09\/communico-300x300.jpg 300w, https:\/\/www.otte-pm.net\/wp-content\/uploads\/2023\/09\/communico-150x150.jpg 150w\" sizes=\"auto, (max-width: 500px) 100vw, 500px\" \/><\/figure>\n\n<\/div><\/div>\n\n<div class=\"gb-grid-column gb-grid-column-994e511f\"><div class=\"gb-container gb-container-994e511f\">\n\n<h2 class=\"gb-headline gb-headline-e5303ee2 gb-headline-text\">Communico<\/h2>\n\n\n\n<p>With hands-on training and presentations from our three renowned speakers and trainers, Communico helps strengthen the company and make it distinctive. Whether through coaching, individual training, or inspiring performances by our speakers: Communico strengthens the power of communication and imparts valuable knowledge about appearance, personality, and persuasion. OPM offers its employees the opportunity to develop themselves in various subject areas in cooperation with Communico.  <\/p>\n\n<\/div><\/div>\n\n<div class=\"gb-grid-column gb-grid-column-707275e3\"><div class=\"gb-container gb-container-707275e3\">\n\n<figure class=\"gb-block-image gb-block-image-32670ece\"><img loading=\"lazy\" decoding=\"async\" width=\"500\" height=\"500\" class=\"gb-image gb-image-32670ece\" src=\"https:\/\/www.otte-pm.net\/wp-content\/uploads\/2023\/09\/bea.jpg\" alt=\"\" title=\"bea\" srcset=\"https:\/\/www.otte-pm.net\/wp-content\/uploads\/2023\/09\/bea.jpg 500w, https:\/\/www.otte-pm.net\/wp-content\/uploads\/2023\/09\/bea-300x300.jpg 300w, https:\/\/www.otte-pm.net\/wp-content\/uploads\/2023\/09\/bea-150x150.jpg 150w\" sizes=\"auto, (max-width: 500px) 100vw, 500px\" \/><\/figure>\n\n<\/div><\/div>\n\n<div class=\"gb-grid-column gb-grid-column-8768f81d\"><div class=\"gb-container gb-container-8768f81d\">\n\n<h2 class=\"gb-headline gb-headline-872aa81f gb-headline-text\">BEATRICE EIMER<\/h2>\n\n\n\n<p>Beatrice Eimer&#8217;s focus is on change and the courage to go further into the future. She is an expert in the field of intrinsic motivation. With her unique way she inspires her clients and leaves an impression. Blockades, hurdles or conflicts are usually difficult to solve from the outside. With her scientifically based method, the roadmap is built from personal motivation to the entrepreneurial goal. OPM works very closely with Beatrice Eimer and has been able to successfully apply her expertise in various business areas.     <\/p>\n\n\n\n<p><\/p>\n\n<\/div><\/div>\n<\/div>\n<\/div>","protected":false},"excerpt":{"rendered":"","protected":false},"author":1,"featured_media":0,"parent":1431,"menu_order":0,"comment_status":"closed","ping_status":"closed","template":"","meta":{"_acf_changed":false,"footnotes":""},"class_list":["post-1408","page","type-page","status-publish"],"acf":[],"yoast_head":"<!-- This site is optimized with the Yoast SEO plugin v27.4 - https:\/\/yoast.com\/product\/yoast-seo-wordpress\/ -->\n<title>Personal Development - Otte Projektmanagement GmbH<\/title>\n<meta name=\"robots\" content=\"index, follow, max-snippet:-1, max-image-preview:large, max-video-preview:-1\" \/>\n<link rel=\"canonical\" href=\"https:\/\/www.otte-pm.net\/en\/network\/emilio-galli-zugaro-is-president-of-methodos-s-p-a-milan-author-and-researcher-at-ludwig-maximilians-university-munich-where-he-teaches-communicative-leadership-at-the-faculty-of-business-administr\/\" \/>\n<meta property=\"og:locale\" content=\"en_US\" \/>\n<meta property=\"og:type\" content=\"article\" \/>\n<meta property=\"og:title\" content=\"Personal Development - Otte Projektmanagement GmbH\" \/>\n<meta property=\"og:url\" content=\"https:\/\/www.otte-pm.net\/en\/network\/emilio-galli-zugaro-is-president-of-methodos-s-p-a-milan-author-and-researcher-at-ludwig-maximilians-university-munich-where-he-teaches-communicative-leadership-at-the-faculty-of-business-administr\/\" \/>\n<meta property=\"og:site_name\" content=\"Otte Projektmanagement GmbH\" \/>\n<meta property=\"article:modified_time\" content=\"2023-11-07T10:08:50+00:00\" \/>\n<meta property=\"og:image\" content=\"https:\/\/www.otte-pm.net\/wp-content\/uploads\/2023\/09\/Caochingcenter_Berlin.jpg\" \/>\n<meta name=\"twitter:card\" content=\"summary_large_image\" \/>\n<meta name=\"twitter:label1\" content=\"Est. reading time\" \/>\n\t<meta name=\"twitter:data1\" content=\"3 minutes\" \/>\n<script type=\"application\/ld+json\" class=\"yoast-schema-graph\">{\"@context\":\"https:\\\/\\\/schema.org\",\"@graph\":[{\"@type\":\"WebPage\",\"@id\":\"https:\\\/\\\/www.otte-pm.net\\\/en\\\/network\\\/emilio-galli-zugaro-is-president-of-methodos-s-p-a-milan-author-and-researcher-at-ludwig-maximilians-university-munich-where-he-teaches-communicative-leadership-at-the-faculty-of-business-administr\\\/\",\"url\":\"https:\\\/\\\/www.otte-pm.net\\\/en\\\/network\\\/emilio-galli-zugaro-is-president-of-methodos-s-p-a-milan-author-and-researcher-at-ludwig-maximilians-university-munich-where-he-teaches-communicative-leadership-at-the-faculty-of-business-administr\\\/\",\"name\":\"Personal Development - Otte Projektmanagement GmbH\",\"isPartOf\":{\"@id\":\"https:\\\/\\\/www.otte-pm.net\\\/en\\\/#website\"},\"primaryImageOfPage\":{\"@id\":\"https:\\\/\\\/www.otte-pm.net\\\/en\\\/network\\\/emilio-galli-zugaro-is-president-of-methodos-s-p-a-milan-author-and-researcher-at-ludwig-maximilians-university-munich-where-he-teaches-communicative-leadership-at-the-faculty-of-business-administr\\\/#primaryimage\"},\"image\":{\"@id\":\"https:\\\/\\\/www.otte-pm.net\\\/en\\\/network\\\/emilio-galli-zugaro-is-president-of-methodos-s-p-a-milan-author-and-researcher-at-ludwig-maximilians-university-munich-where-he-teaches-communicative-leadership-at-the-faculty-of-business-administr\\\/#primaryimage\"},\"thumbnailUrl\":\"https:\\\/\\\/www.otte-pm.net\\\/wp-content\\\/uploads\\\/2023\\\/09\\\/Caochingcenter_Berlin.jpg\",\"datePublished\":\"2023-09-28T10:56:15+00:00\",\"dateModified\":\"2023-11-07T10:08:50+00:00\",\"breadcrumb\":{\"@id\":\"https:\\\/\\\/www.otte-pm.net\\\/en\\\/network\\\/emilio-galli-zugaro-is-president-of-methodos-s-p-a-milan-author-and-researcher-at-ludwig-maximilians-university-munich-where-he-teaches-communicative-leadership-at-the-faculty-of-business-administr\\\/#breadcrumb\"},\"inLanguage\":\"en-US\",\"potentialAction\":[{\"@type\":\"ReadAction\",\"target\":[\"https:\\\/\\\/www.otte-pm.net\\\/en\\\/network\\\/emilio-galli-zugaro-is-president-of-methodos-s-p-a-milan-author-and-researcher-at-ludwig-maximilians-university-munich-where-he-teaches-communicative-leadership-at-the-faculty-of-business-administr\\\/\"]}]},{\"@type\":\"ImageObject\",\"inLanguage\":\"en-US\",\"@id\":\"https:\\\/\\\/www.otte-pm.net\\\/en\\\/network\\\/emilio-galli-zugaro-is-president-of-methodos-s-p-a-milan-author-and-researcher-at-ludwig-maximilians-university-munich-where-he-teaches-communicative-leadership-at-the-faculty-of-business-administr\\\/#primaryimage\",\"url\":\"https:\\\/\\\/www.otte-pm.net\\\/wp-content\\\/uploads\\\/2023\\\/09\\\/Caochingcenter_Berlin.jpg\",\"contentUrl\":\"https:\\\/\\\/www.otte-pm.net\\\/wp-content\\\/uploads\\\/2023\\\/09\\\/Caochingcenter_Berlin.jpg\"},{\"@type\":\"BreadcrumbList\",\"@id\":\"https:\\\/\\\/www.otte-pm.net\\\/en\\\/network\\\/emilio-galli-zugaro-is-president-of-methodos-s-p-a-milan-author-and-researcher-at-ludwig-maximilians-university-munich-where-he-teaches-communicative-leadership-at-the-faculty-of-business-administr\\\/#breadcrumb\",\"itemListElement\":[{\"@type\":\"ListItem\",\"position\":1,\"name\":\"Network\",\"item\":\"https:\\\/\\\/www.otte-pm.net\\\/en\\\/network\\\/\"},{\"@type\":\"ListItem\",\"position\":2,\"name\":\"Personal Development\"}]},{\"@type\":\"WebSite\",\"@id\":\"https:\\\/\\\/www.otte-pm.net\\\/en\\\/#website\",\"url\":\"https:\\\/\\\/www.otte-pm.net\\\/en\\\/\",\"name\":\"Otte Projektmanagement GmbH\",\"description\":\"DEVELOPING COMPLEX PROJECTS TOGETHER\",\"publisher\":{\"@id\":\"https:\\\/\\\/www.otte-pm.net\\\/en\\\/#organization\"},\"potentialAction\":[{\"@type\":\"SearchAction\",\"target\":{\"@type\":\"EntryPoint\",\"urlTemplate\":\"https:\\\/\\\/www.otte-pm.net\\\/en\\\/?s={search_term_string}\"},\"query-input\":{\"@type\":\"PropertyValueSpecification\",\"valueRequired\":true,\"valueName\":\"search_term_string\"}}],\"inLanguage\":\"en-US\"},{\"@type\":\"Organization\",\"@id\":\"https:\\\/\\\/www.otte-pm.net\\\/en\\\/#organization\",\"name\":\"Otte Projektmanagement GmbH\",\"url\":\"https:\\\/\\\/www.otte-pm.net\\\/en\\\/\",\"logo\":{\"@type\":\"ImageObject\",\"inLanguage\":\"en-US\",\"@id\":\"https:\\\/\\\/www.otte-pm.net\\\/en\\\/#\\\/schema\\\/logo\\\/image\\\/\",\"url\":\"https:\\\/\\\/www.otte-pm.net\\\/wp-content\\\/uploads\\\/2023\\\/10\\\/opm_700.png\",\"contentUrl\":\"https:\\\/\\\/www.otte-pm.net\\\/wp-content\\\/uploads\\\/2023\\\/10\\\/opm_700.png\",\"width\":700,\"height\":191,\"caption\":\"Otte Projektmanagement GmbH\"},\"image\":{\"@id\":\"https:\\\/\\\/www.otte-pm.net\\\/en\\\/#\\\/schema\\\/logo\\\/image\\\/\"}}]}<\/script>\n<!-- \/ Yoast SEO plugin. -->","yoast_head_json":{"title":"Personal Development - Otte Projektmanagement GmbH","robots":{"index":"index","follow":"follow","max-snippet":"max-snippet:-1","max-image-preview":"max-image-preview:large","max-video-preview":"max-video-preview:-1"},"canonical":"https:\/\/www.otte-pm.net\/en\/network\/emilio-galli-zugaro-is-president-of-methodos-s-p-a-milan-author-and-researcher-at-ludwig-maximilians-university-munich-where-he-teaches-communicative-leadership-at-the-faculty-of-business-administr\/","og_locale":"en_US","og_type":"article","og_title":"Personal Development - Otte Projektmanagement GmbH","og_url":"https:\/\/www.otte-pm.net\/en\/network\/emilio-galli-zugaro-is-president-of-methodos-s-p-a-milan-author-and-researcher-at-ludwig-maximilians-university-munich-where-he-teaches-communicative-leadership-at-the-faculty-of-business-administr\/","og_site_name":"Otte Projektmanagement GmbH","article_modified_time":"2023-11-07T10:08:50+00:00","og_image":[{"url":"https:\/\/www.otte-pm.net\/wp-content\/uploads\/2023\/09\/Caochingcenter_Berlin.jpg","type":"","width":"","height":""}],"twitter_card":"summary_large_image","twitter_misc":{"Est. reading time":"3 minutes"},"schema":{"@context":"https:\/\/schema.org","@graph":[{"@type":"WebPage","@id":"https:\/\/www.otte-pm.net\/en\/network\/emilio-galli-zugaro-is-president-of-methodos-s-p-a-milan-author-and-researcher-at-ludwig-maximilians-university-munich-where-he-teaches-communicative-leadership-at-the-faculty-of-business-administr\/","url":"https:\/\/www.otte-pm.net\/en\/network\/emilio-galli-zugaro-is-president-of-methodos-s-p-a-milan-author-and-researcher-at-ludwig-maximilians-university-munich-where-he-teaches-communicative-leadership-at-the-faculty-of-business-administr\/","name":"Personal Development - Otte Projektmanagement GmbH","isPartOf":{"@id":"https:\/\/www.otte-pm.net\/en\/#website"},"primaryImageOfPage":{"@id":"https:\/\/www.otte-pm.net\/en\/network\/emilio-galli-zugaro-is-president-of-methodos-s-p-a-milan-author-and-researcher-at-ludwig-maximilians-university-munich-where-he-teaches-communicative-leadership-at-the-faculty-of-business-administr\/#primaryimage"},"image":{"@id":"https:\/\/www.otte-pm.net\/en\/network\/emilio-galli-zugaro-is-president-of-methodos-s-p-a-milan-author-and-researcher-at-ludwig-maximilians-university-munich-where-he-teaches-communicative-leadership-at-the-faculty-of-business-administr\/#primaryimage"},"thumbnailUrl":"https:\/\/www.otte-pm.net\/wp-content\/uploads\/2023\/09\/Caochingcenter_Berlin.jpg","datePublished":"2023-09-28T10:56:15+00:00","dateModified":"2023-11-07T10:08:50+00:00","breadcrumb":{"@id":"https:\/\/www.otte-pm.net\/en\/network\/emilio-galli-zugaro-is-president-of-methodos-s-p-a-milan-author-and-researcher-at-ludwig-maximilians-university-munich-where-he-teaches-communicative-leadership-at-the-faculty-of-business-administr\/#breadcrumb"},"inLanguage":"en-US","potentialAction":[{"@type":"ReadAction","target":["https:\/\/www.otte-pm.net\/en\/network\/emilio-galli-zugaro-is-president-of-methodos-s-p-a-milan-author-and-researcher-at-ludwig-maximilians-university-munich-where-he-teaches-communicative-leadership-at-the-faculty-of-business-administr\/"]}]},{"@type":"ImageObject","inLanguage":"en-US","@id":"https:\/\/www.otte-pm.net\/en\/network\/emilio-galli-zugaro-is-president-of-methodos-s-p-a-milan-author-and-researcher-at-ludwig-maximilians-university-munich-where-he-teaches-communicative-leadership-at-the-faculty-of-business-administr\/#primaryimage","url":"https:\/\/www.otte-pm.net\/wp-content\/uploads\/2023\/09\/Caochingcenter_Berlin.jpg","contentUrl":"https:\/\/www.otte-pm.net\/wp-content\/uploads\/2023\/09\/Caochingcenter_Berlin.jpg"},{"@type":"BreadcrumbList","@id":"https:\/\/www.otte-pm.net\/en\/network\/emilio-galli-zugaro-is-president-of-methodos-s-p-a-milan-author-and-researcher-at-ludwig-maximilians-university-munich-where-he-teaches-communicative-leadership-at-the-faculty-of-business-administr\/#breadcrumb","itemListElement":[{"@type":"ListItem","position":1,"name":"Network","item":"https:\/\/www.otte-pm.net\/en\/network\/"},{"@type":"ListItem","position":2,"name":"Personal Development"}]},{"@type":"WebSite","@id":"https:\/\/www.otte-pm.net\/en\/#website","url":"https:\/\/www.otte-pm.net\/en\/","name":"Otte Projektmanagement GmbH","description":"DEVELOPING COMPLEX PROJECTS TOGETHER","publisher":{"@id":"https:\/\/www.otte-pm.net\/en\/#organization"},"potentialAction":[{"@type":"SearchAction","target":{"@type":"EntryPoint","urlTemplate":"https:\/\/www.otte-pm.net\/en\/?s={search_term_string}"},"query-input":{"@type":"PropertyValueSpecification","valueRequired":true,"valueName":"search_term_string"}}],"inLanguage":"en-US"},{"@type":"Organization","@id":"https:\/\/www.otte-pm.net\/en\/#organization","name":"Otte Projektmanagement GmbH","url":"https:\/\/www.otte-pm.net\/en\/","logo":{"@type":"ImageObject","inLanguage":"en-US","@id":"https:\/\/www.otte-pm.net\/en\/#\/schema\/logo\/image\/","url":"https:\/\/www.otte-pm.net\/wp-content\/uploads\/2023\/10\/opm_700.png","contentUrl":"https:\/\/www.otte-pm.net\/wp-content\/uploads\/2023\/10\/opm_700.png","width":700,"height":191,"caption":"Otte Projektmanagement GmbH"},"image":{"@id":"https:\/\/www.otte-pm.net\/en\/#\/schema\/logo\/image\/"}}]}},"_links":{"self":[{"href":"https:\/\/www.otte-pm.net\/en\/wp-json\/wp\/v2\/pages\/1408","targetHints":{"allow":["GET"]}}],"collection":[{"href":"https:\/\/www.otte-pm.net\/en\/wp-json\/wp\/v2\/pages"}],"about":[{"href":"https:\/\/www.otte-pm.net\/en\/wp-json\/wp\/v2\/types\/page"}],"author":[{"embeddable":true,"href":"https:\/\/www.otte-pm.net\/en\/wp-json\/wp\/v2\/users\/1"}],"replies":[{"embeddable":true,"href":"https:\/\/www.otte-pm.net\/en\/wp-json\/wp\/v2\/comments?post=1408"}],"version-history":[{"count":3,"href":"https:\/\/www.otte-pm.net\/en\/wp-json\/wp\/v2\/pages\/1408\/revisions"}],"predecessor-version":[{"id":1419,"href":"https:\/\/www.otte-pm.net\/en\/wp-json\/wp\/v2\/pages\/1408\/revisions\/1419"}],"up":[{"embeddable":true,"href":"https:\/\/www.otte-pm.net\/en\/wp-json\/wp\/v2\/pages\/1431"}],"wp:attachment":[{"href":"https:\/\/www.otte-pm.net\/en\/wp-json\/wp\/v2\/media?parent=1408"}],"curies":[{"name":"wp","href":"https:\/\/api.w.org\/{rel}","templated":true}]}}