{"id":1577,"date":"2023-08-23T10:47:48","date_gmt":"2023-08-23T08:47:48","guid":{"rendered":"https:\/\/opm.lorenzundfuchs.de\/our-offices\/"},"modified":"2026-04-13T13:59:15","modified_gmt":"2026-04-13T11:59:15","slug":"our-offices","status":"publish","type":"page","link":"https:\/\/www.otte-pm.net\/en\/our-offices\/","title":{"rendered":"OUR OFFICES"},"content":{"rendered":"<div class=\"gb-container gb-container-0a1ac151\">\n\n<link rel=\"stylesheet\" href=\"https:\/\/unpkg.com\/leaflet@1.7.1\/dist\/leaflet.css\"\/>\n  <script src=\"https:\/\/unpkg.com\/leaflet@1.7.1\/dist\/leaflet.js\"><\/script>\n <div id=\"map\" style=\"width: 100%; height: 60vh;\"><\/div>\n\n  <script>\n  var map = L.map('map');\n\nL.tileLayer('https:\/\/{s}.tile.openstreetmap.org\/{z}\/{x}\/{y}.png', {\n  attribution: '\u00a9 <a href=\"https:\/\/www.openstreetmap.org\/copyright\">OpenStreetMap'\n}).addTo(map);\n\nvar locations = [\n  {name: \"N\u00fcrnberg\", coords: [49.4521, 11.0767]},\n  {name: \"Berlin\", coords: [52.5200, 13.4050]},\n  {name: \"Frankfurt\", coords: [50.1109, 8.6821]},\n  {name: \"Forcalquier\", coords: [43.9594, 5.7806]},\n  {name: \"Caputh\", coords: [52.3202, 12.9830]},\n  {name: \"Erfurt\", coords: [50.9848, 11.0299]}\n];\n\nvar bounds = [];\n\nvar orangeIcon = L.icon({\n    iconUrl: '\/wp-content\/themes\/generatepress_child\/assets\/images\/orangeicon.png',\n    iconSize: [25, 41],\n    iconAnchor: [12, 41],\n    popupAnchor: [0, -41]\n});\n\nlocations.forEach(function(location) {\n  L.marker(location.coords, {icon: orangeIcon}).addTo(map)\n    .bindTooltip(location.name, {permanent: false, direction: \"top\"})\n    .openTooltip();\n  bounds.push(location.coords);\n});\n\n\nmap.fitBounds(bounds);\n\n  <\/script>\n\n<\/div>\n\n<div class=\"gb-container gb-container-8f4c0f3c\">\n\n<h2 class=\"gb-headline gb-headline-a62d500a gb-headline-text\">DIRECTIONS<\/h2>\n\n\n<div class=\"gb-grid-wrapper gb-grid-wrapper-eba70c9c\">\n<div class=\"gb-grid-column gb-grid-column-8bc148b2\"><div class=\"gb-container gb-container-8bc148b2\">\n\n<h3 class=\"gb-headline gb-headline-8c1db089 gb-headline-text\">Office Englische stra\u00dfe<\/h3>\n\n\n\n<p>Otte Projektmanagement GmbH<br>Englische Stra\u00dfe 21-D<br>10578 Berlin<\/p>\n\n\n\n<p>Coordinates:<br>52.51695139802186, 13.332136830687245<\/p>\n\n\n\n<div id=\"map2\" style=\"width: 100%; height: 350px;\"><\/div>\n\n<link\n  rel=\"stylesheet\"\n  href=\"https:\/\/unpkg.com\/leaflet@1.9.4\/dist\/leaflet.css\"\n\/>\n<script src=\"https:\/\/unpkg.com\/leaflet@1.9.4\/dist\/leaflet.js\"><\/script>\n\n<script>\ndocument.addEventListener(\"DOMContentLoaded\", function () {\n  var map = L.map('map2');\n\n  L.tileLayer('https:\/\/{s}.tile.openstreetmap.org\/{z}\/{x}\/{y}.png', {\n    attribution: '&copy; OpenStreetMap contributors'\n  }).addTo(map);\n\n  var locations = [\n    {\n      name: \"Englische Str. 21-D, 10587 Berlin\",\n      coords: [52.5165069, 13.3324111] \/\/ \u2705 corrected coordinates\n    }\n  ];\n\n  var bounds = [];\n\n  var orangeIcon = L.icon({\n    iconUrl: '\/wp-content\/themes\/generatepress_child\/assets\/images\/orangeicon.png',\n    iconSize: [25, 41],\n    iconAnchor: [12, 41],\n    popupAnchor: [0, -41]\n  });\n\n  locations.forEach(function(location) {\n    var marker = L.marker(location.coords, {icon: orangeIcon})\n      .addTo(map)\n      .bindTooltip(location.name, {\n        permanent: false,\n        direction: \"top\"\n      });\n\n    bounds.push(location.coords);\n  });\n\n  map.fitBounds(bounds);\n  map.setZoom(16); \/\/ slightly closer zoom for accuracy\n});\n<\/script>\n\n\n\n<a class=\"gb-button gb-button-8ae06be6 gb-button-text\" href=\"https:\/\/maps.app.goo.gl\/heei9htLDfmML5Mv5\" target=\"_blank\" rel=\"noopener noreferrer\"><strong>Open with Google Maps<\/strong><\/a>\n\n\n\n<p><\/p>\n\n\n\n<p><strong>By public transportation:<\/strong><\/p>\n\n\n\n<ol start=\"1\" style=\"list-style-type:1\" class=\"wp-block-list\">\n<li><strong>By S-Bahn:<\/strong><br>Take one of the S-Bahn lines S5, S7, or S75 to Savignyplatz station. Get off there and walk towards Ernst-Reuter-Platz. Follow Kantstra\u00dfe, then turn into Englische Stra\u00dfe. The destination Englische Str. 21-D is a short walk away on the right-hand side.<\/li>\n\n\n\n<li><strong>By car:<\/strong><br>Drive west on B2 (Kaiserdamm). Turn right onto Leibnizstra\u00dfe and cross Kantstra\u00dfe.<br>Continue until you reach Englische Stra\u00dfe, then turn right. The destination is on the right-hand side.<\/li>\n\n\n\n<li><strong>From the A100 highway (Berlin ring road):<\/strong><br>Take the \u201cKaiserdamm\u201d exit and head toward Ernst-Reuter-Platz. Turn left onto Englische Stra\u00dfe. After a short distance, you will find Englische Str. 21-D on the right-hand side.<\/li>\n<\/ol>\n\n\n\n<p><br><\/p>\n\n<\/div><\/div>\n\n<div class=\"gb-grid-column gb-grid-column-cf93d253\"><div class=\"gb-container gb-container-cf93d253\">\n\n<h3 class=\"gb-headline gb-headline-ce343adc gb-headline-text\">Office Gartenfeld<\/h3>\n\n\n\n<p>Verwaltungsgeb\u00e4ude KA2<br>Gartenfelder Stra\u00dfe 14-28<br>13599 Berlin<\/p>\n\n\n\n<p>Coordinates:<br>52.550625847952205, 13.243376745215992<\/p>\n\n\n\n<div id=\"map3\" style=\"width: 100%; height: 350px;\"><\/div>\n\n  <script>\n  var map = L.map('map3');\nL.tileLayer('https:\/\/{s}.tile.openstreetmap.org\/{z}\/{x}\/{y}.png', {\n  attribution: '\u00a9 <a href=\"https:\/\/www.openstreetmap.org\/copyright\">OpenStreetMap'\n}).addTo(map);\n\nvar locations = [\n  {name: \"Projektb\u00fcro Gartenfeld\", coords: [52.550625847952205, 13.243376745215992]},\n{name: \"Bushaltestelle Gartenfeld\", coords: [52.54872238210651, 13.247870481021229]}\n];\n\nvar bounds = [];\n\nvar orangeIcon = L.icon({\n    iconUrl: '\/wp-content\/themes\/generatepress_child\/assets\/images\/orangeicon.png',\n    iconSize: [25, 41],\n    iconAnchor: [12, 41],\n    popupAnchor: [0, -41]\n});\n\nlocations.forEach(function(location) {\n  L.marker(location.coords, {icon: orangeIcon}).addTo(map)\n    .bindTooltip(location.name, {permanent: false, direction: \"top\"})\n    .openTooltip();\n  bounds.push(location.coords);\n});\n\n\nmap.fitBounds(bounds);\nmap.setZoom(14);\n\n  <\/script>\n\n\n\n<a class=\"gb-button gb-button-82190936 gb-button-text\" href=\"https:\/\/maps.app.goo.gl\/aLw7KhCjVh3HoGk9A\" target=\"_blank\" rel=\"noopener noreferrer\"><strong>Open with Google Maps<\/strong><\/a>\n\n\n\n<p><\/p>\n\n\n\n<p><strong>By public transportation:<\/strong><\/p>\n\n\n\n<ol style=\"list-style-type:1\" class=\"wp-block-list\">\n<li><strong>By subway:<\/strong><br>Take the U7 in the direction of Rathaus Spandau to the Rohrdamm stop. From there it is approx. 10 minutes on foot to the administration building KA2. Walk south along Rohrdammstra\u00dfe and turn right into Gartenfelder Stra\u00dfe.  <\/li>\n\n\n\n<li><strong>By bus<\/strong>: <br>You can also take the bus (less walking). Take bus 123 or X33 to the &#8220;Gartenfeld&#8221; stop. From there it is only a few minutes&#8217; walk to the administration building KA2.<\/li>\n\n\n\n<li><strong>By car:<\/strong><br><strong>From Berlin city center<\/strong>: Take the A100 (Stadtring Berlin) westbound to the Jakob Kaiser Platz exit. Follow Siemensdamm via Nonnenallee to Gartenfelder Stra\u00dfe and turn right. Then turn left into the Trigo Businesspark and pass the barrier. The administration building KA2 is then on the left-hand side (see photo).   <br><strong>From the A10 (Berliner Ring):<\/strong> At interchange 31 take the A111 in the direction of Spandau. Take the Holzhauser Stra\u00dfe exit and follow Bernauer Stra\u00dfe to Tegeler Br\u00fccke. The entrance to the TRIGO Businesspark is on the right-hand side. Pass the barrier. The administration building KA2 is on the left-hand side (see photo).    <\/li>\n<\/ol>\n\n<\/div><\/div>\n<\/div>\n<\/div>","protected":false},"excerpt":{"rendered":"<p>DIRECTIONS<\/p>\n","protected":false},"author":1,"featured_media":0,"parent":0,"menu_order":0,"comment_status":"closed","ping_status":"closed","template":"","meta":{"_acf_changed":false,"footnotes":""},"class_list":["post-1577","page","type-page","status-publish"],"acf":[],"yoast_head":"<!-- This site is optimized with the Yoast SEO plugin v27.5 - https:\/\/yoast.com\/product\/yoast-seo-wordpress\/ -->\n<title>OUR OFFICES - Otte Projektmanagement GmbH<\/title>\n<meta name=\"robots\" content=\"index, follow, max-snippet:-1, max-image-preview:large, max-video-preview:-1\" \/>\n<link rel=\"canonical\" href=\"https:\/\/www.otte-pm.net\/en\/our-offices\/\" \/>\n<meta property=\"og:locale\" content=\"en_US\" \/>\n<meta property=\"og:type\" content=\"article\" \/>\n<meta property=\"og:title\" content=\"OUR OFFICES - Otte Projektmanagement GmbH\" \/>\n<meta property=\"og:description\" content=\"DIRECTIONS\" \/>\n<meta property=\"og:url\" content=\"https:\/\/www.otte-pm.net\/en\/our-offices\/\" \/>\n<meta property=\"og:site_name\" content=\"Otte Projektmanagement GmbH\" \/>\n<meta property=\"article:modified_time\" content=\"2026-04-13T11:59:15+00:00\" \/>\n<meta name=\"twitter:card\" content=\"summary_large_image\" \/>\n<meta name=\"twitter:label1\" content=\"Est. reading time\" \/>\n\t<meta name=\"twitter:data1\" content=\"2 minutes\" \/>\n<script type=\"application\/ld+json\" class=\"yoast-schema-graph\">{\"@context\":\"https:\\\/\\\/schema.org\",\"@graph\":[{\"@type\":\"WebPage\",\"@id\":\"https:\\\/\\\/www.otte-pm.net\\\/en\\\/our-offices\\\/\",\"url\":\"https:\\\/\\\/www.otte-pm.net\\\/en\\\/our-offices\\\/\",\"name\":\"OUR OFFICES - Otte Projektmanagement GmbH\",\"isPartOf\":{\"@id\":\"https:\\\/\\\/www.otte-pm.net\\\/en\\\/#website\"},\"datePublished\":\"2023-08-23T08:47:48+00:00\",\"dateModified\":\"2026-04-13T11:59:15+00:00\",\"inLanguage\":\"en-US\",\"potentialAction\":[{\"@type\":\"ReadAction\",\"target\":[\"https:\\\/\\\/www.otte-pm.net\\\/en\\\/our-offices\\\/\"]}]},{\"@type\":\"WebSite\",\"@id\":\"https:\\\/\\\/www.otte-pm.net\\\/en\\\/#website\",\"url\":\"https:\\\/\\\/www.otte-pm.net\\\/en\\\/\",\"name\":\"Otte Projektmanagement GmbH\",\"description\":\"DEVELOPING COMPLEX PROJECTS TOGETHER\",\"publisher\":{\"@id\":\"https:\\\/\\\/www.otte-pm.net\\\/en\\\/#organization\"},\"potentialAction\":[{\"@type\":\"SearchAction\",\"target\":{\"@type\":\"EntryPoint\",\"urlTemplate\":\"https:\\\/\\\/www.otte-pm.net\\\/en\\\/?s={search_term_string}\"},\"query-input\":{\"@type\":\"PropertyValueSpecification\",\"valueRequired\":true,\"valueName\":\"search_term_string\"}}],\"inLanguage\":\"en-US\"},{\"@type\":\"Organization\",\"@id\":\"https:\\\/\\\/www.otte-pm.net\\\/en\\\/#organization\",\"name\":\"Otte Projektmanagement GmbH\",\"url\":\"https:\\\/\\\/www.otte-pm.net\\\/en\\\/\",\"logo\":{\"@type\":\"ImageObject\",\"inLanguage\":\"en-US\",\"@id\":\"https:\\\/\\\/www.otte-pm.net\\\/en\\\/#\\\/schema\\\/logo\\\/image\\\/\",\"url\":\"https:\\\/\\\/www.otte-pm.net\\\/wp-content\\\/uploads\\\/2023\\\/10\\\/opm_700.png\",\"contentUrl\":\"https:\\\/\\\/www.otte-pm.net\\\/wp-content\\\/uploads\\\/2023\\\/10\\\/opm_700.png\",\"width\":700,\"height\":191,\"caption\":\"Otte Projektmanagement GmbH\"},\"image\":{\"@id\":\"https:\\\/\\\/www.otte-pm.net\\\/en\\\/#\\\/schema\\\/logo\\\/image\\\/\"}}]}<\/script>\n<!-- \/ Yoast SEO plugin. -->","yoast_head_json":{"title":"OUR OFFICES - Otte Projektmanagement GmbH","robots":{"index":"index","follow":"follow","max-snippet":"max-snippet:-1","max-image-preview":"max-image-preview:large","max-video-preview":"max-video-preview:-1"},"canonical":"https:\/\/www.otte-pm.net\/en\/our-offices\/","og_locale":"en_US","og_type":"article","og_title":"OUR OFFICES - Otte Projektmanagement GmbH","og_description":"DIRECTIONS","og_url":"https:\/\/www.otte-pm.net\/en\/our-offices\/","og_site_name":"Otte Projektmanagement GmbH","article_modified_time":"2026-04-13T11:59:15+00:00","twitter_card":"summary_large_image","twitter_misc":{"Est. reading time":"2 minutes"},"schema":{"@context":"https:\/\/schema.org","@graph":[{"@type":"WebPage","@id":"https:\/\/www.otte-pm.net\/en\/our-offices\/","url":"https:\/\/www.otte-pm.net\/en\/our-offices\/","name":"OUR OFFICES - Otte Projektmanagement GmbH","isPartOf":{"@id":"https:\/\/www.otte-pm.net\/en\/#website"},"datePublished":"2023-08-23T08:47:48+00:00","dateModified":"2026-04-13T11:59:15+00:00","inLanguage":"en-US","potentialAction":[{"@type":"ReadAction","target":["https:\/\/www.otte-pm.net\/en\/our-offices\/"]}]},{"@type":"WebSite","@id":"https:\/\/www.otte-pm.net\/en\/#website","url":"https:\/\/www.otte-pm.net\/en\/","name":"Otte Projektmanagement GmbH","description":"DEVELOPING COMPLEX PROJECTS TOGETHER","publisher":{"@id":"https:\/\/www.otte-pm.net\/en\/#organization"},"potentialAction":[{"@type":"SearchAction","target":{"@type":"EntryPoint","urlTemplate":"https:\/\/www.otte-pm.net\/en\/?s={search_term_string}"},"query-input":{"@type":"PropertyValueSpecification","valueRequired":true,"valueName":"search_term_string"}}],"inLanguage":"en-US"},{"@type":"Organization","@id":"https:\/\/www.otte-pm.net\/en\/#organization","name":"Otte Projektmanagement GmbH","url":"https:\/\/www.otte-pm.net\/en\/","logo":{"@type":"ImageObject","inLanguage":"en-US","@id":"https:\/\/www.otte-pm.net\/en\/#\/schema\/logo\/image\/","url":"https:\/\/www.otte-pm.net\/wp-content\/uploads\/2023\/10\/opm_700.png","contentUrl":"https:\/\/www.otte-pm.net\/wp-content\/uploads\/2023\/10\/opm_700.png","width":700,"height":191,"caption":"Otte Projektmanagement GmbH"},"image":{"@id":"https:\/\/www.otte-pm.net\/en\/#\/schema\/logo\/image\/"}}]}},"_links":{"self":[{"href":"https:\/\/www.otte-pm.net\/en\/wp-json\/wp\/v2\/pages\/1577","targetHints":{"allow":["GET"]}}],"collection":[{"href":"https:\/\/www.otte-pm.net\/en\/wp-json\/wp\/v2\/pages"}],"about":[{"href":"https:\/\/www.otte-pm.net\/en\/wp-json\/wp\/v2\/types\/page"}],"author":[{"embeddable":true,"href":"https:\/\/www.otte-pm.net\/en\/wp-json\/wp\/v2\/users\/1"}],"replies":[{"embeddable":true,"href":"https:\/\/www.otte-pm.net\/en\/wp-json\/wp\/v2\/comments?post=1577"}],"version-history":[{"count":32,"href":"https:\/\/www.otte-pm.net\/en\/wp-json\/wp\/v2\/pages\/1577\/revisions"}],"predecessor-version":[{"id":2372,"href":"https:\/\/www.otte-pm.net\/en\/wp-json\/wp\/v2\/pages\/1577\/revisions\/2372"}],"wp:attachment":[{"href":"https:\/\/www.otte-pm.net\/en\/wp-json\/wp\/v2\/media?parent=1577"}],"curies":[{"name":"wp","href":"https:\/\/api.w.org\/{rel}","templated":true}]}}